{"id":1228,"date":"2022-08-11T14:22:54","date_gmt":"2022-08-11T14:22:54","guid":{"rendered":"https:\/\/rwjmyhealthkiosk.gomohealth.care\/terms-conditions\/"},"modified":"2023-03-20T15:09:20","modified_gmt":"2023-03-20T15:09:20","slug":"terms-conditions","status":"publish","type":"page","link":"https:\/\/rwjmyhealthkiosk.gomohealth.care\/es\/","title":{"rendered":"Terms &amp; Conditions"},"content":{"rendered":"<div class=\"fusion-fullwidth fullwidth-box fusion-builder-row-1 fusion-flex-container nonhundred-percent-fullwidth non-hundred-percent-height-scrolling\" style=\"background-color: rgba(255,255,255,0);background-position: center center;background-repeat: no-repeat;border-width: 0px 0px 0px 0px;border-color:#eae9e9;border-style:solid;\" ><div class=\"fusion-builder-row fusion-row fusion-flex-align-items-flex-start\" style=\"max-width:1064.96px;margin-left: calc(-4% \/ 2 );margin-right: calc(-4% \/ 2 );\"><div class=\"fusion-layout-column fusion_builder_column fusion-builder-column-0 fusion_builder_column_1_1 1_1 fusion-flex-column\"><div class=\"fusion-column-wrapper fusion-flex-justify-content-flex-start fusion-content-layout-column\" style=\"background-position:left top;background-repeat:no-repeat;-webkit-background-size:cover;-moz-background-size:cover;-o-background-size:cover;background-size:cover;padding: 0px 0px 0px 0px;\"><div class=\"fusion-text fusion-text-1\"><p>Como participante en este programa, acepto lo siguiente:<\/p>\n<ul>\n<li data-leveltext=\"\uf0b7\" data-font=\"Symbol\" data-listid=\"5\" aria-setsize=\"-1\" data-aria-posinset=\"1\" data-aria-level=\"1\">Recibir mensajes de texto relacionados con mi cuidado de salud<\/li>\n<li data-leveltext=\"\uf0b7\" data-font=\"Symbol\" data-listid=\"5\" aria-setsize=\"-1\" data-aria-posinset=\"1\" data-aria-level=\"1\">Hacer clic en los enlaces para ver informaci\u00f3n y videos educativas<\/li>\n<li data-leveltext=\"\uf0b7\" data-font=\"Symbol\" data-listid=\"5\" aria-setsize=\"-1\" data-aria-posinset=\"1\" data-aria-level=\"1\">Completar y enviar las encuestas de salud del programa en l\u00ednea o m\u00f3vil<\/li>\n<\/ul>\n<p>Este programa no est\u00e1 dise\u00f1ado para brindar asesoramiento m\u00e9dico, diagn\u00f3stico profesional, opini\u00f3n, tratamiento o servicios. La informaci\u00f3n m\u00e9dica proporcionada es solo para fines informativos y educativos. Despu\u00e9s de leer los mensajes de atenci\u00f3n o las p\u00e1ginas web, le recomendamos que revise la informaci\u00f3n cuidadosamente con su proveedor. Nunca ignore el consejo m\u00e9dico profesional, no se demore en buscar tratamiento y procure no depender de la informaci\u00f3n contenida en este programa en lugar de solicitar el consejo m\u00e9dico profesional. La informaci\u00f3n enviada a trav\u00e9s de los mensajes de texto no debe considerarse como una consulta m\u00e9dica ni pretende reemplazar las decisiones del proveedor sobre la idoneidad o los riesgos de un procedimiento dado a un paciente. Si cree que puede tener una emergencia m\u00e9dica, llame a su proveedor o al 911 de inmediato.<\/p>\n<p>La informaci\u00f3n m\u00e9dica cambia constantemente. La precisi\u00f3n, idoneidad, puntualidad ni integridad de la informaci\u00f3n en este sitio o los sitios web vinculados no es guarantizado y no hay responsabilidad de ning\u00fan error, omisi\u00f3n o consecuencia derivada del uso de la informaci\u00f3n contenida en este o cualquier sitio web vinculado.<\/p>\n<p>Las referencias a cualquier entidad, producto, servicio o fuente de informaci\u00f3n no relacionada no deben considerarse una aprobaci\u00f3n, directa o impl\u00edcita. Este programa no recomienda ni respalda ninguna prueba, producto, procedimiento, opini\u00f3n u otra informaci\u00f3n espec\u00edfica que pueda proporcionarse en un sitio web vinculado. Los sitios web vinculados pueden contener texto, gr\u00e1ficos, im\u00e1genes o informaci\u00f3n que considere ofensiva. El programa no tiene control sobre estos materiales ni acepta responsabilidad por ello.<\/p>\n<p>Esperamos que este programa le resulte \u00fatil por brindarle informaci\u00f3ny para tomar sus propias decisiones de atenci\u00f3n m\u00e9dica.<\/p>\n<p><b><span data-contrast=\"auto\">Divulgaci\u00f3n de HIPAA<\/span><\/b><span data-ccp-props=\"{\"> <\/span><\/p>\n<p>Entiendo que el mensaje de texto no se considera una tecnolog\u00eda segura. La Informaci\u00f3n de Salud Protegida (Protected Health Information, PHI) no se enviar\u00e1 por mensaje de texto como parte de este programa.<\/p>\n<p>Estoy de acuerdo en renunciar a mi derecho a la privacidad de la informaci\u00f3n del cuidado de la salud para su uso dentro de este programa y a compartir mi Informaci\u00f3n de Salud Protegida.<\/p>\n<p><b><span data-contrast=\"auto\">Pol\u00edtica de privacidad<\/span><\/b><span data-ccp-props=\"{\"> <\/span><\/p>\n<p>GoMo Health respeta su privacidad. GoMo Health Concierge Care\u00ae es una plataforma de software con contenido educativo que est\u00e1 disponible a trav\u00e9s de un enlace web en un mensaje de texto. GoMo Health no vende, comercializa ni alquila su informaci\u00f3n personal a otras compa\u00f1\u00edas o personas. GoMo Health utiliza la tecnolog\u00eda de Capa de sockets seguros (Secure Sockets Layer, SSL) l\u00edder en la industria para mantener su informaci\u00f3n personal lo m\u00e1s segura posible. La informaci\u00f3n de los participantes solo se utilizar\u00e1 para los fines previstos. Con su participaci\u00f3n, usted da permiso a GoMo Health para proporcionar su informaci\u00f3n de contacto ael patrocinador del programa.<\/p>\n<p>GoMo Health puede utilizar la informaci\u00f3n recopilada a trav\u00e9s de sus servicios para fines de investigaci\u00f3n y desarrollo. Sin embargo, dicho uso no incluir\u00e1 ninguna informaci\u00f3n de identificaci\u00f3n personal en dicha investigaci\u00f3n o desarrollo. La informaci\u00f3n personal recopilada se almacena en nuestra base de datos segura basada en la nube y nos reservamos el derecho de divulgar la informaci\u00f3n solo seg\u00fan lo dispuesto para cumplir con las leyes estatales y federales.<\/p>\n<p><b><span data-contrast=\"auto\">Informaci\u00f3n personal<\/span><\/b><span data-ccp-props=\"{\"> <\/span><\/p>\n<p>GoMo Health acumula la informaci\u00f3n de los participantes que se env\u00eda voluntariamente de este programa para mejorar el rendimiento del programa. Adem\u00e1s, GoMo Health puede acumular la informaci\u00f3n de lafuente mencionada anteriormente.<\/p>\n<p><b><span data-contrast=\"auto\">Mensajes de texto y correo electr\u00f3nico<\/span><\/b><span data-ccp-props=\"{\"> <\/span><\/p>\n<p>Cuando un participante env\u00eda un mensaje de texto o con datos espec\u00edficos del programa, su n\u00famero de tel\u00e9fono m\u00f3vil o direcci\u00f3n de correo electr\u00f3nico, se puede grabar el contenido completo del mensaje, los archivos adjuntos u otra informaci\u00f3n provista. El programa puede usar esta informaci\u00f3n para determinar y enviar informaci\u00f3n adecuada o contenido educativo a los participantes. Los participantes pueden indicar su preferencia para dejar de recibir comunicaciones o darse de baja en cualquier momento. (Consulte sus opciones con respecto a su Informaci\u00f3n personal).<\/p>\n<p><b><span data-contrast=\"auto\">Informaci\u00f3n recopilada a trav\u00e9s de la tecnolog\u00eda<\/span><\/b><span data-ccp-props=\"{\"> <\/span><\/p>\n<p><span data-contrast=\"auto\">A medida que utiliza estas p\u00e1ginas, cierta informaci\u00f3n de entrega de mensajes puede recopilarse y almacenarse pasivamente en los registros del servidor de GoMo Health o de nuestros proveedores de servicios, incluso su direcci\u00f3n de protocolo de Internet, tipo de navegador y sistema operativo. Tambi\u00e9n utilizamos Cookies y datos de navegaci\u00f3n como Localizadores de recursos uniformes (Uniform Resource Locators, \u00abURL\u00bb) para recopilar informaci\u00f3n sobre la fecha y hora de su visita a la p\u00e1gina web y la informaci\u00f3n que se ve. Las \u00abcookies\u00bb son peque\u00f1as piezas de informaci\u00f3n que un sitio web env\u00eda al disco duro de su computadora mientras visita el sitio. Una direcci\u00f3n de protocolo de Internet (o IP) es un n\u00famero que se asigna autom\u00e1ticamente a una computadora participante cuando usa Internet. En algunos casos, una direcci\u00f3n IP puede permanecer igual de una sesi\u00f3n de navegador a otra; pero, si los participantes usan un proveedor de servicios de Internet (Internet service provider, ISP) para consumidores, es probable que su direcci\u00f3n IP var\u00ede de una sesi\u00f3n a otra. El programa puede usar tanto Cookies de sesi\u00f3n (que caducan una vez que se cierra el navegador web) como Cookies persistentes (que permanecen en la computadora hasta que se eliminan) para proporcionar una experiencia de programa m\u00e1s personal e interactiva. Las Cookies persistentes se pueden eliminar si sigue las instrucciones del archivo de ayuda del navegador de Internet. Los participantes pueden administrar las preferencias de cookies a trav\u00e9s de la configuraci\u00f3n del navegador (consulte<\/span><a href=\"http:\/\/www.aboutcookies.org\/\"><span data-contrast=\"auto\">http:\/\/www.aboutcookies.org<\/span><\/a><span data-contrast=\"auto\"> para obtener m\u00e1s informaci\u00f3n).<\/span><span data-ccp-props=\"{\"> <\/span><\/p>\n<p><b><span data-contrast=\"auto\">Uso y divulgaci\u00f3n de informaci\u00f3n<\/span><\/b><span data-ccp-props=\"{\"> <\/span><\/p>\n<p>En general, la Informaci\u00f3n de salud personal y otra informaci\u00f3n presentada o compartida con el programa se puede utilizar para los siguientes fines: permitir el acceso de los participantes a los servicios del programa; personalizar el contenido recibido por el programa; o proporcionar informaci\u00f3n adicional y funcionalidad a pedido.<\/p>\n<p>Salvo que se indique lo contrario en esta Pol\u00edtica de privacidad, el programa no vende, comercializa, alquila ni comparte la Informaci\u00f3n personal que recopilamos con terceros.<\/p>\n<p>Podemos, cuando sea necesario, proporcionar Informaci\u00f3n de salud personal a proveedores de servicios externos o afiliados que trabajen en nuestro nombre para proporcionar algunas de las funciones de servicios necesarias para ayudarnos a comunicarnos con los participantes. Algunos ejemplos de estos servicios incluyen enviar mensajes de texto o correos electr\u00f3nicos, analizar datos, procesar pagos de recompensas y proporcionar servicios al cliente. La informaci\u00f3n de los participantes proporcionada en virtud de un Acuerdo de asociado comercial (Business Associate Agreement, BAA) a los afiliados y proveedores de servicios externos antes mencionados no se utilizar\u00e1 de ninguna manera, excepto cuando sea necesario para proporcionar los servicios del programa correspondiente. Si no est\u00e1 dispuesto a que el programa use o divulgue su Informaci\u00f3n de salud personal recopilada como se identific\u00f3 anteriormente, puede optar por no participar en el programa.<\/p>\n<p>El programa utiliza Google Analytics para analizar c\u00f3mo interact\u00faan los visitantes con el sitio web del programa. Este servicio proporciona datos de identificaci\u00f3n no personal, incluidos, entre otros, los datos sobre el origen de los visitantes, las acciones que realizaron en nuestro sitio y hacia d\u00f3nde se dirig\u00edan los visitantes cuando salen de nuestro sitio.<\/p>\n<p>El programa tambi\u00e9n puede desarrollar informaci\u00f3n no personal sobre los visitantes de las p\u00e1ginas web de GoMo Health con procesos de desidentificaci\u00f3n para ayudar a garantizar que dicha informaci\u00f3n no pueda<\/p>\n<p>asociarse ni conectarse razonablemente con los participantes. En general, esta informaci\u00f3n se desidentifica y acumula para utilizarse en el an\u00e1lisis estad\u00edstico con el fin de ayudar a analizar los patrones de uso. Esta Pol\u00edtica de privacidad no limita el uso ni la divulgaci\u00f3n de informaci\u00f3n desidentificada (es decir, que no est\u00e9 relacionada con un usuario individual) de ninguna manera, y nos reservamos el derecho de usar y divulgar dicha informaci\u00f3n a socios del programa, patrocinadores y otros terceros a nuestra discreci\u00f3n.<\/p>\n<p>En el caso de que pasemos por una transici\u00f3n de negocios, tales como una fusi\u00f3n, adquisici\u00f3n por otra empresa, o la venta de una parte o la totalidad de sus activos, su Informaci\u00f3n de salud personal probablemente forme parte de los activos transferidos. Los participantes del programa reconocen que estas transferencias pueden ocurrir y est\u00e1n permitidas por esta Pol\u00edtica de privacidad, y que cualquier adquirente continuar\u00e1 procesando la Informaci\u00f3n de salud personal en cumplimiento de la Ley de Transferencia y Responsabilidad de Seguro M\u00e9dico (Health Insurance Portability and Accountability Act, HIPAA) y seg\u00fan lo establecido en esta Pol\u00edtica de privacidad.<\/p>\n<p>El programa puede divulgar la Informaci\u00f3n de salud personal si se cree de buena fe que dicha divulgaci\u00f3n es necesaria para estos fines: (a) cumplir con las leyes pertinentes o responder a citaciones u \u00f3rdenes judiciales que recibamos; o (b) proteger y defender nuestros derechos, propiedad o a usted, el participante. Por la presente, acepta que compartamos su Informaci\u00f3n de salud personal en las circunstancias que se describen en este documento.<\/p>\n<p><b><span data-contrast=\"auto\">Sus opciones con respecto a su Informaci\u00f3n personal<\/span><\/b><span data-ccp-props=\"{\"> <\/span><\/p>\n<p><span data-contrast=\"auto\">Este programa ofrece opciones a los participantes con respecto a la recopilaci\u00f3n, el uso y el intercambio de su Informaci\u00f3n de salud personal. Los participantes tienen el derecho en cualquier momento de optar por no participar en el programa (y ser eliminados de la base de datos del programa) para interrumpir el contacto del programa; para ello, deben responder \u00abSTOP\u00bb en cualquier momento despu\u00e9s de recibir un mensaje de texto. Si el participante seleccion\u00f3 el correo electr\u00f3nico para la comunicaci\u00f3n del programa, tendr\u00e1 la oportunidad de \u00aboptar por no participar\u00bb al seguir las instrucciones de cancelaci\u00f3n de suscripci\u00f3n proporcionadas en el mensaje de correo electr\u00f3nico. Los participantes tambi\u00e9n pueden comunicarse con GoMo Health directamente por correo electr\u00f3nico:<\/span><a href=\"mailto:support@mymobilemsg.com\"><span data-contrast=\"auto\">support@mymobilemsg.com<\/span><\/a><span data-contrast=\"auto\">.<\/span><span data-ccp-props=\"{\"> <\/span><\/p>\n<\/div><\/div><style type=\"text\/css\">.fusion-body .fusion-builder-column-0{width:100% !important;margin-top : 0px;margin-bottom : 20px;}.fusion-builder-column-0 > .fusion-column-wrapper {padding-top : 0px !important;padding-right : 0px !important;margin-right : 1.92%;padding-bottom : 0px !important;padding-left : 0px !important;margin-left : 1.92%;}@media only screen and (max-width:1024px) {.fusion-body .fusion-builder-column-0{width:100% !important;order : 0;}.fusion-builder-column-0 > .fusion-column-wrapper {margin-right : 1.92%;margin-left : 1.92%;}}@media only screen and (max-width:640px) {.fusion-body .fusion-builder-column-0{width:100% !important;order : 0;}.fusion-builder-column-0 > .fusion-column-wrapper {margin-right : 1.92%;margin-left : 1.92%;}}<\/style><\/div><\/div><style type=\"text\/css\">.fusion-body .fusion-flex-container.fusion-builder-row-1{ padding-top : 0px;margin-top : 40px;padding-right : 0px;padding-bottom : 0px;margin-bottom : 40px;padding-left : 0px;}<\/style><\/div>\n","protected":false},"excerpt":{"rendered":"","protected":false},"author":1,"featured_media":0,"parent":0,"menu_order":0,"comment_status":"closed","ping_status":"closed","template":"","meta":[],"yoast_head":"<!-- This site is optimized with the Yoast SEO plugin v19.10 - https:\/\/yoast.com\/wordpress\/plugins\/seo\/ -->\n<title>Terms &amp; Conditions - Rutgers RWJ Your Health Kiosk Network<\/title>\n<meta name=\"robots\" content=\"noindex, follow, max-snippet:-1, max-image-preview:large, max-video-preview:-1\" \/>\n<meta property=\"og:locale\" content=\"es_ES\" \/>\n<meta property=\"og:type\" content=\"article\" \/>\n<meta property=\"og:title\" content=\"Terms &amp; Conditions - Rutgers RWJ Your Health Kiosk Network\" \/>\n<meta property=\"og:url\" content=\"https:\/\/rwjmyhealthkiosk.gomohealth.care\/es\/\" \/>\n<meta property=\"og:site_name\" content=\"Rutgers RWJ Your Health Kiosk\" \/>\n<meta property=\"article:modified_time\" content=\"2023-03-20T15:09:20+00:00\" \/>\n<meta name=\"twitter:card\" content=\"summary_large_image\" \/>\n<meta name=\"twitter:label1\" content=\"Tiempo de lectura\" \/>\n\t<meta name=\"twitter:data1\" content=\"12 minutos\" \/>\n<script type=\"application\/ld+json\" class=\"yoast-schema-graph\">{\"@context\":\"https:\/\/schema.org\",\"@graph\":[{\"@type\":\"WebPage\",\"@id\":\"https:\/\/rwjmyhealthkiosk.gomohealth.care\/es\/\",\"url\":\"https:\/\/rwjmyhealthkiosk.gomohealth.care\/es\/\",\"name\":\"Terms &amp; Conditions - Rutgers RWJ Your Health Kiosk Network\",\"isPartOf\":{\"@id\":\"https:\/\/rwjmyhealthkiosk.gomohealth.care\/es\/#website\"},\"datePublished\":\"2022-08-11T14:22:54+00:00\",\"dateModified\":\"2023-03-20T15:09:20+00:00\",\"breadcrumb\":{\"@id\":\"https:\/\/rwjmyhealthkiosk.gomohealth.care\/es\/#breadcrumb\"},\"inLanguage\":\"es\",\"potentialAction\":[{\"@type\":\"ReadAction\",\"target\":[\"https:\/\/rwjmyhealthkiosk.gomohealth.care\/es\/\"]}]},{\"@type\":\"BreadcrumbList\",\"@id\":\"https:\/\/rwjmyhealthkiosk.gomohealth.care\/es\/#breadcrumb\",\"itemListElement\":[{\"@type\":\"ListItem\",\"position\":1,\"name\":\"Home\",\"item\":\"https:\/\/rwjmyhealthkiosk.gomohealth.care\/es\/terms-conditions\/\"},{\"@type\":\"ListItem\",\"position\":2,\"name\":\"Terms &amp; Conditions\"}]},{\"@type\":\"WebSite\",\"@id\":\"https:\/\/rwjmyhealthkiosk.gomohealth.care\/es\/#website\",\"url\":\"https:\/\/rwjmyhealthkiosk.gomohealth.care\/es\/\",\"name\":\"Rutgers RWJ Your Health Kiosk\",\"description\":\"A leader in personalized health care solutions\",\"potentialAction\":[{\"@type\":\"SearchAction\",\"target\":{\"@type\":\"EntryPoint\",\"urlTemplate\":\"https:\/\/rwjmyhealthkiosk.gomohealth.care\/es\/?s={search_term_string}\"},\"query-input\":\"required name=search_term_string\"}],\"inLanguage\":\"es\"}]}<\/script>\n<!-- \/ Yoast SEO plugin. -->","yoast_head_json":{"title":"Terms &amp; Conditions - Rutgers RWJ Your Health Kiosk Network","robots":{"index":"noindex","follow":"follow","max-snippet":"max-snippet:-1","max-image-preview":"max-image-preview:large","max-video-preview":"max-video-preview:-1"},"og_locale":"es_ES","og_type":"article","og_title":"Terms &amp; Conditions - Rutgers RWJ Your Health Kiosk Network","og_url":"https:\/\/rwjmyhealthkiosk.gomohealth.care\/es\/","og_site_name":"Rutgers RWJ Your Health Kiosk","article_modified_time":"2023-03-20T15:09:20+00:00","twitter_card":"summary_large_image","twitter_misc":{"Tiempo de lectura":"12 minutos"},"schema":{"@context":"https:\/\/schema.org","@graph":[{"@type":"WebPage","@id":"https:\/\/rwjmyhealthkiosk.gomohealth.care\/es\/","url":"https:\/\/rwjmyhealthkiosk.gomohealth.care\/es\/","name":"Terms &amp; Conditions - Rutgers RWJ Your Health Kiosk Network","isPartOf":{"@id":"https:\/\/rwjmyhealthkiosk.gomohealth.care\/es\/#website"},"datePublished":"2022-08-11T14:22:54+00:00","dateModified":"2023-03-20T15:09:20+00:00","breadcrumb":{"@id":"https:\/\/rwjmyhealthkiosk.gomohealth.care\/es\/#breadcrumb"},"inLanguage":"es","potentialAction":[{"@type":"ReadAction","target":["https:\/\/rwjmyhealthkiosk.gomohealth.care\/es\/"]}]},{"@type":"BreadcrumbList","@id":"https:\/\/rwjmyhealthkiosk.gomohealth.care\/es\/#breadcrumb","itemListElement":[{"@type":"ListItem","position":1,"name":"Home","item":"https:\/\/rwjmyhealthkiosk.gomohealth.care\/es\/terms-conditions\/"},{"@type":"ListItem","position":2,"name":"Terms &amp; Conditions"}]},{"@type":"WebSite","@id":"https:\/\/rwjmyhealthkiosk.gomohealth.care\/es\/#website","url":"https:\/\/rwjmyhealthkiosk.gomohealth.care\/es\/","name":"Rutgers RWJ Your Health Kiosk","description":"A leader in personalized health care solutions","potentialAction":[{"@type":"SearchAction","target":{"@type":"EntryPoint","urlTemplate":"https:\/\/rwjmyhealthkiosk.gomohealth.care\/es\/?s={search_term_string}"},"query-input":"required name=search_term_string"}],"inLanguage":"es"}]}},"_links":{"self":[{"href":"https:\/\/rwjmyhealthkiosk.gomohealth.care\/es\/wp-json\/wp\/v2\/pages\/1228"}],"collection":[{"href":"https:\/\/rwjmyhealthkiosk.gomohealth.care\/es\/wp-json\/wp\/v2\/pages"}],"about":[{"href":"https:\/\/rwjmyhealthkiosk.gomohealth.care\/es\/wp-json\/wp\/v2\/types\/page"}],"author":[{"embeddable":true,"href":"https:\/\/rwjmyhealthkiosk.gomohealth.care\/es\/wp-json\/wp\/v2\/users\/1"}],"replies":[{"embeddable":true,"href":"https:\/\/rwjmyhealthkiosk.gomohealth.care\/es\/wp-json\/wp\/v2\/comments?post=1228"}],"version-history":[{"count":4,"href":"https:\/\/rwjmyhealthkiosk.gomohealth.care\/es\/wp-json\/wp\/v2\/pages\/1228\/revisions"}],"predecessor-version":[{"id":1263,"href":"https:\/\/rwjmyhealthkiosk.gomohealth.care\/es\/wp-json\/wp\/v2\/pages\/1228\/revisions\/1263"}],"wp:attachment":[{"href":"https:\/\/rwjmyhealthkiosk.gomohealth.care\/es\/wp-json\/wp\/v2\/media?parent=1228"}],"curies":[{"name":"wp","href":"https:\/\/api.w.org\/{rel}","templated":true}]}}